{"id":41,"date":"2018-07-11T08:13:55","date_gmt":"2018-07-11T08:13:55","guid":{"rendered":"http:\/\/tonatheme.com\/m3\/bari\/?page_id=41"},"modified":"2018-07-11T08:13:55","modified_gmt":"2018-07-11T08:13:55","slug":"contact-us","status":"publish","type":"page","link":"https:\/\/maxencebacher.com\/index.php\/contact-us\/","title":{"rendered":"Contact Us"},"content":{"rendered":"<p><section class=\"kc-elm kc-css-715464 kc_row\"><div class=\"kc-row-container  kc-container\"><div class=\"kc-wrap-columns\"><div class=\"kc-elm kc-css-728886 kc_col-sm-12 kc_column kc_col-sm-12\"><div class=\"kc-col-container\"><section class=\" page-title\">\n    \t<div class=\"icon-one\"><\/div>\n        <div class=\"icon-two\"><\/div>\n    \t<div class=\"auto-container\">\n        <div class=\"icon-three\"><\/div>\n        <div class=\"icon-four\"><\/div>\n        <div class=\"icon-five\"><\/div>\n        <div class=\"icon-six\"><\/div>\n        <div class=\"icon-seven\"><\/div>\n        \t<h2>Contact Us<span class=\"blue-triangle\"><\/span><\/h2>\n        <\/div>\n    <\/section>\n<\/div><\/div><\/div><\/div><\/section><section data-kc-fullwidth=\"content\" class=\"kc-elm kc-css-853899 kc_row\"><div class=\"kc-row-container\"><div class=\"kc-wrap-columns\"><div class=\"kc-elm kc-css-504617 kc_col-sm-12 kc_column kc_col-sm-12\"><div class=\"kc-col-container\"><div class=\"kc-elm kc-css-582000 kc_google_maps kc_shortcode\"><div style=\"height: 630px\" class=\"kc-google-maps\"><iframe src=\"https:\/\/www.google.com\/maps\/embed?pb=!1m18!1m12!1m3!1d29793.99697352976!2d105.81945407598418!3d21.02269575409132!2m3!1f0!2f0!3f0!3m2!1i1024!2i768!4f13.1!3m3!1m2!1s0x3135ab9bd9861ca1%3A0xe7887f7b72ca17a9!2zSGFub2ksIEhvw6BuIEtp4bq_bSwgSGFub2ksIFZpZXRuYW0!5e0!3m2!1sen!2s!4v1453961383169\" width=\"100%\" height=\"630\" frameborder=\"0\" style=\"border:0\" allowfullscreen><\/iframe><\/div><\/div><\/div><\/div><\/div><\/div><\/section><section class=\"kc-elm kc-css-955253 kc_row\"><div class=\"kc-row-container  kc-container\"><div class=\"kc-wrap-columns\"><div class=\"kc-elm kc-css-383043 kc_col-sm-12 kc_column kc_col-sm-12\"><div class=\"kc-col-container\"><section class=\" contact-section\">\r\n    \t<div class=\"auto-container\">\r\n        \t<div class=\"row clearfix\">\r\n            \t\r\n                <!--Info Column-->\r\n                <div class=\"info-column col-lg-3 col-md-4 col-sm-12 col-xs-12\">\r\n                \t<div class=\"inner-column\">\r\n                    \t<h2>Contact<\/h2>\r\n                        <div class=\"location\">Adios Digital 350 Fifth Avenue, <br>\r\n34th floor, New York. <br>\r\nNY 10118-3299 US<\/div>\r\n                        <ul class=\"info-list\">\r\n                        \t<li>+123 456 789\r\n<\/li>\r\n                            <li>Support@Yoursite.com<\/li>\r\n                        <\/ul>\r\n                        <ul class=\"social-icon-five\">\r\n                            \r\n\t\t\t\t\t\t\t\t\t\t\t\t\t\t\r\n\t\t\t\t\t\t\t<li class=\"facebook\"><a href=\"#\"><span class=\"fa fa-facebook\"><\/span><\/a><\/li>\r\n                            \r\n\t\t\t\t\t\t\t\t\t\t\t\t\t\t\r\n\t\t\t\t\t\t\t<li class=\"facebook\"><a href=\"#\"><span class=\"fa fa-twitter\"><\/span><\/a><\/li>\r\n                            \r\n\t\t\t\t\t\t\t\t\t\t\t\t\t\t\r\n\t\t\t\t\t\t\t<li class=\"facebook\"><a href=\"#\"><span class=\"fa fa-google-plus\"><\/span><\/a><\/li>\r\n                            \r\n\t\t\t\t\t\t\t\t\t\t\t\t\t\t\r\n\t\t\t\t\t\t\t<li class=\"facebook\"><a href=\"#\"><span class=\"fa fa-pinterest\"><\/span><\/a><\/li>\r\n                            \r\n\t\t\t\t\t\t\t\t\t\t\t\t\t\t\r\n\t\t\t\t\t\t\t<li class=\"facebook\"><a href=\"#\"><span class=\"fa fa-dribbble\"><\/span><\/a><\/li>\r\n                            \r\n\t\t\t\t\t\t\t                        <\/ul>\r\n                    <\/div>\r\n                <\/div>\r\n                \r\n                <!--Form Column-->\r\n                <div class=\"form-column col-lg-9 col-md-8 col-sm-12 col-xs-12\">\r\n                \t<div class=\"inner-column\">\r\n                    \t<h2>Get in Touch<\/h2>\r\n                        <!-- Contact Form -->\r\n                        <div class=\"contact-form\">\r\n                            <!--Comment Form-->\r\n                            \n<div class=\"wpcf7 no-js\" id=\"wpcf7-f388-o1\" lang=\"en-US\" dir=\"ltr\">\n<div class=\"screen-reader-response\"><p role=\"status\" aria-live=\"polite\" aria-atomic=\"true\"><\/p> <ul><\/ul><\/div>\n<form action=\"\/index.php\/wp-json\/wp\/v2\/pages\/41#wpcf7-f388-o1\" method=\"post\" class=\"wpcf7-form init\" aria-label=\"Contact form\" novalidate=\"novalidate\" data-status=\"init\">\n<div style=\"display: none;\">\n<input type=\"hidden\" name=\"_wpcf7\" value=\"388\" \/>\n<input type=\"hidden\" name=\"_wpcf7_version\" value=\"5.9.8\" \/>\n<input type=\"hidden\" name=\"_wpcf7_locale\" value=\"en_US\" \/>\n<input type=\"hidden\" name=\"_wpcf7_unit_tag\" value=\"wpcf7-f388-o1\" \/>\n<input type=\"hidden\" name=\"_wpcf7_container_post\" value=\"0\" \/>\n<input type=\"hidden\" name=\"_wpcf7_posted_data_hash\" value=\"\" \/>\n<\/div>\n<div class=\"row clearfix\">\n\t<div class=\"col-lg-12 col-md-12 col-sm-12 col-xs-12 form-group\">\n\t\t<p><textarea name=\"message\" placeholder=\"Message\"><\/textarea>\n\t\t<\/p>\n\t<\/div>\n\t<div class=\"col-md-4 col-sm-6 col-xs-12 form-group\">\n\t\t<p><input type=\"text\" name=\"username\" placeholder=\"Name\" required \/>\n\t\t<\/p>\n\t<\/div>\n\t<div class=\"col-md-4 col-sm-6 col-xs-12 form-group\">\n\t\t<p><input type=\"email\" name=\"email\" placeholder=\"Email\" required \/>\n\t\t<\/p>\n\t<\/div>\n\t<div class=\"col-md-4 col-sm-12 col-xs-12 form-group\">\n\t\t<p><input type=\"text\" name=\"phone\" placeholder=\"Phone No\" required \/>\n\t\t<\/p>\n\t<\/div>\n\t<div class=\"col-lg-12 col-md-12 col-sm-12 col-xs-12 form-group\">\n\t\t<p><button class=\"theme-btn btn-style-one\" type=\"submit\" name=\"submit-form\">Submit Now <span class=\"arrow flaticon-arrow-pointing-to-right\"><\/span><\/button>\n\t\t<\/p>\n\t<\/div>\n<\/div><p style=\"display: none !important;\" class=\"akismet-fields-container\" data-prefix=\"_wpcf7_ak_\"><label>&#916;<textarea name=\"_wpcf7_ak_hp_textarea\" cols=\"45\" rows=\"8\" maxlength=\"100\"><\/textarea><\/label><input type=\"hidden\" id=\"ak_js_1\" name=\"_wpcf7_ak_js\" value=\"34\"\/><script type=\"text\/javascript\">\n\/* <![CDATA[ *\/\ndocument.getElementById( \"ak_js_1\" ).setAttribute( \"value\", ( new Date() ).getTime() );\n\/* ]]> *\/\n<\/script>\n<\/p><div class=\"wpcf7-response-output\" aria-hidden=\"true\"><\/div>\n<\/form>\n<\/div>\n                        <\/div>\r\n                        <!--End Contact Form -->\r\n                    <\/div>\r\n                <\/div>\r\n                \r\n            <\/div>\r\n        <\/div>\r\n    <\/section>\r\n\t\r\n\t<\/div><\/div><\/div><\/div><\/section><\/p>\n","protected":false},"excerpt":{"rendered":"","protected":false},"author":1,"featured_media":0,"parent":0,"menu_order":0,"comment_status":"closed","ping_status":"closed","template":"tpl-king-composer.php","meta":{"footnotes":""},"yoast_head":"<!-- This site is optimized with the Yoast SEO plugin v23.5 - https:\/\/yoast.com\/wordpress\/plugins\/seo\/ -->\n<title>Contact Us - Maxence Bacher<\/title>\n<meta name=\"robots\" content=\"index, follow, max-snippet:-1, max-image-preview:large, max-video-preview:-1\" \/>\n<link rel=\"canonical\" href=\"https:\/\/maxencebacher.com\/index.php\/contact-us\/\" \/>\n<meta property=\"og:locale\" content=\"fr_FR\" \/>\n<meta property=\"og:type\" content=\"article\" \/>\n<meta property=\"og:title\" content=\"Contact Us - Maxence Bacher\" \/>\n<meta property=\"og:url\" content=\"https:\/\/maxencebacher.com\/index.php\/contact-us\/\" \/>\n<meta property=\"og:site_name\" content=\"Maxence Bacher\" \/>\n<meta name=\"twitter:card\" content=\"summary_large_image\" \/>\n<meta name=\"twitter:label1\" content=\"Dur\u00e9e de lecture estim\u00e9e\" \/>\n\t<meta name=\"twitter:data1\" content=\"1 minute\" \/>\n<script type=\"application\/ld+json\" class=\"yoast-schema-graph\">{\"@context\":\"https:\/\/schema.org\",\"@graph\":[{\"@type\":\"WebPage\",\"@id\":\"https:\/\/maxencebacher.com\/index.php\/contact-us\/\",\"url\":\"https:\/\/maxencebacher.com\/index.php\/contact-us\/\",\"name\":\"Contact Us - Maxence Bacher\",\"isPartOf\":{\"@id\":\"https:\/\/maxencebacher.com\/#website\"},\"datePublished\":\"2018-07-11T08:13:55+00:00\",\"dateModified\":\"2018-07-11T08:13:55+00:00\",\"breadcrumb\":{\"@id\":\"https:\/\/maxencebacher.com\/index.php\/contact-us\/#breadcrumb\"},\"inLanguage\":\"fr-FR\",\"potentialAction\":[{\"@type\":\"ReadAction\",\"target\":[\"https:\/\/maxencebacher.com\/index.php\/contact-us\/\"]}]},{\"@type\":\"BreadcrumbList\",\"@id\":\"https:\/\/maxencebacher.com\/index.php\/contact-us\/#breadcrumb\",\"itemListElement\":[{\"@type\":\"ListItem\",\"position\":1,\"name\":\"Accueil\",\"item\":\"https:\/\/maxencebacher.com\/\"},{\"@type\":\"ListItem\",\"position\":2,\"name\":\"Contact Us\"}]},{\"@type\":\"WebSite\",\"@id\":\"https:\/\/maxencebacher.com\/#website\",\"url\":\"https:\/\/maxencebacher.com\/\",\"name\":\"Maxence Bacher\",\"description\":\"Explorez mon parcours professionnel et acad\u00e9mique.\",\"publisher\":{\"@id\":\"https:\/\/maxencebacher.com\/#\/schema\/person\/60d29cf8312fe8233224dc700569a3fb\"},\"potentialAction\":[{\"@type\":\"SearchAction\",\"target\":{\"@type\":\"EntryPoint\",\"urlTemplate\":\"https:\/\/maxencebacher.com\/?s={search_term_string}\"},\"query-input\":{\"@type\":\"PropertyValueSpecification\",\"valueRequired\":true,\"valueName\":\"search_term_string\"}}],\"inLanguage\":\"fr-FR\"},{\"@type\":[\"Person\",\"Organization\"],\"@id\":\"https:\/\/maxencebacher.com\/#\/schema\/person\/60d29cf8312fe8233224dc700569a3fb\",\"name\":\"Maxence Bacher\",\"image\":{\"@type\":\"ImageObject\",\"inLanguage\":\"fr-FR\",\"@id\":\"https:\/\/maxencebacher.com\/#\/schema\/person\/image\/\",\"url\":\"https:\/\/maxencebacher.com\/wp-content\/uploads\/2023\/11\/logo-mb-2023-08-1.png\",\"contentUrl\":\"https:\/\/maxencebacher.com\/wp-content\/uploads\/2023\/11\/logo-mb-2023-08-1.png\",\"width\":4161,\"height\":4263,\"caption\":\"Maxence Bacher\"},\"logo\":{\"@id\":\"https:\/\/maxencebacher.com\/#\/schema\/person\/image\/\"},\"description\":\"Titulaire d\u2019un Master Information communication et num\u00e9rique, ainsi que d'une formation de Chef de Projet Digital, je suis arm\u00e9 d\u2019une maitrise parfaite des enjeux et des outils de communication. En tant que responsable communication, j'ai d\u00e9velopp\u00e9 une expertise dans la cr\u00e9ation et la mise en \u0153uvre de strat\u00e9gies de communication efficaces pour des entreprises de toutes tailles et dans de nombreux secteurs. Toujours pr\u00eat \u00e0 m'enrichir personnellement et professionnellement, ma conviction profonde est que l\u2019aspiration \u00e0 apprendre et \u00e0 acqu\u00e9rir de nouvelles comp\u00e9tences en permanence est fondamentale dans un monde en perp\u00e9tuelle \u00e9volution. En somme, je consid\u00e8re la curiosit\u00e9 comme une force motrice qui nourrit ma croissance personnelle et me permet d'apporter une perspective innovante \u00e0 toutes les facettes de ma vie.\",\"sameAs\":[\"http:\/\/maxencebacher.com\",\"https:\/\/www.linkedin.com\/in\/maxencebacher\"]}]}<\/script>\n<!-- \/ Yoast SEO plugin. -->","yoast_head_json":{"title":"Contact Us - Maxence Bacher","robots":{"index":"index","follow":"follow","max-snippet":"max-snippet:-1","max-image-preview":"max-image-preview:large","max-video-preview":"max-video-preview:-1"},"canonical":"https:\/\/maxencebacher.com\/index.php\/contact-us\/","og_locale":"fr_FR","og_type":"article","og_title":"Contact Us - Maxence Bacher","og_url":"https:\/\/maxencebacher.com\/index.php\/contact-us\/","og_site_name":"Maxence Bacher","twitter_card":"summary_large_image","twitter_misc":{"Dur\u00e9e de lecture estim\u00e9e":"1 minute"},"schema":{"@context":"https:\/\/schema.org","@graph":[{"@type":"WebPage","@id":"https:\/\/maxencebacher.com\/index.php\/contact-us\/","url":"https:\/\/maxencebacher.com\/index.php\/contact-us\/","name":"Contact Us - Maxence Bacher","isPartOf":{"@id":"https:\/\/maxencebacher.com\/#website"},"datePublished":"2018-07-11T08:13:55+00:00","dateModified":"2018-07-11T08:13:55+00:00","breadcrumb":{"@id":"https:\/\/maxencebacher.com\/index.php\/contact-us\/#breadcrumb"},"inLanguage":"fr-FR","potentialAction":[{"@type":"ReadAction","target":["https:\/\/maxencebacher.com\/index.php\/contact-us\/"]}]},{"@type":"BreadcrumbList","@id":"https:\/\/maxencebacher.com\/index.php\/contact-us\/#breadcrumb","itemListElement":[{"@type":"ListItem","position":1,"name":"Accueil","item":"https:\/\/maxencebacher.com\/"},{"@type":"ListItem","position":2,"name":"Contact Us"}]},{"@type":"WebSite","@id":"https:\/\/maxencebacher.com\/#website","url":"https:\/\/maxencebacher.com\/","name":"Maxence Bacher","description":"Explorez mon parcours professionnel et acad\u00e9mique.","publisher":{"@id":"https:\/\/maxencebacher.com\/#\/schema\/person\/60d29cf8312fe8233224dc700569a3fb"},"potentialAction":[{"@type":"SearchAction","target":{"@type":"EntryPoint","urlTemplate":"https:\/\/maxencebacher.com\/?s={search_term_string}"},"query-input":{"@type":"PropertyValueSpecification","valueRequired":true,"valueName":"search_term_string"}}],"inLanguage":"fr-FR"},{"@type":["Person","Organization"],"@id":"https:\/\/maxencebacher.com\/#\/schema\/person\/60d29cf8312fe8233224dc700569a3fb","name":"Maxence Bacher","image":{"@type":"ImageObject","inLanguage":"fr-FR","@id":"https:\/\/maxencebacher.com\/#\/schema\/person\/image\/","url":"https:\/\/maxencebacher.com\/wp-content\/uploads\/2023\/11\/logo-mb-2023-08-1.png","contentUrl":"https:\/\/maxencebacher.com\/wp-content\/uploads\/2023\/11\/logo-mb-2023-08-1.png","width":4161,"height":4263,"caption":"Maxence Bacher"},"logo":{"@id":"https:\/\/maxencebacher.com\/#\/schema\/person\/image\/"},"description":"Titulaire d\u2019un Master Information communication et num\u00e9rique, ainsi que d'une formation de Chef de Projet Digital, je suis arm\u00e9 d\u2019une maitrise parfaite des enjeux et des outils de communication. En tant que responsable communication, j'ai d\u00e9velopp\u00e9 une expertise dans la cr\u00e9ation et la mise en \u0153uvre de strat\u00e9gies de communication efficaces pour des entreprises de toutes tailles et dans de nombreux secteurs. Toujours pr\u00eat \u00e0 m'enrichir personnellement et professionnellement, ma conviction profonde est que l\u2019aspiration \u00e0 apprendre et \u00e0 acqu\u00e9rir de nouvelles comp\u00e9tences en permanence est fondamentale dans un monde en perp\u00e9tuelle \u00e9volution. En somme, je consid\u00e8re la curiosit\u00e9 comme une force motrice qui nourrit ma croissance personnelle et me permet d'apporter une perspective innovante \u00e0 toutes les facettes de ma vie.","sameAs":["http:\/\/maxencebacher.com","https:\/\/www.linkedin.com\/in\/maxencebacher"]}]}},"_links":{"self":[{"href":"https:\/\/maxencebacher.com\/index.php\/wp-json\/wp\/v2\/pages\/41"}],"collection":[{"href":"https:\/\/maxencebacher.com\/index.php\/wp-json\/wp\/v2\/pages"}],"about":[{"href":"https:\/\/maxencebacher.com\/index.php\/wp-json\/wp\/v2\/types\/page"}],"author":[{"embeddable":true,"href":"https:\/\/maxencebacher.com\/index.php\/wp-json\/wp\/v2\/users\/1"}],"replies":[{"embeddable":true,"href":"https:\/\/maxencebacher.com\/index.php\/wp-json\/wp\/v2\/comments?post=41"}],"version-history":[{"count":0,"href":"https:\/\/maxencebacher.com\/index.php\/wp-json\/wp\/v2\/pages\/41\/revisions"}],"wp:attachment":[{"href":"https:\/\/maxencebacher.com\/index.php\/wp-json\/wp\/v2\/media?parent=41"}],"curies":[{"name":"wp","href":"https:\/\/api.w.org\/{rel}","templated":true}]}}