{"id":13,"date":"2018-07-11T08:10:42","date_gmt":"2018-07-11T08:10:42","guid":{"rendered":"http:\/\/tonatheme.com\/m3\/bari\/?page_id=13"},"modified":"2018-07-11T08:10:42","modified_gmt":"2018-07-11T08:10:42","slug":"services","status":"publish","type":"page","link":"https:\/\/maxencebacher.com\/index.php\/services\/","title":{"rendered":"Services"},"content":{"rendered":"<p><section data-kc-fullwidth=\"content\" class=\"kc-elm kc-css-818109 kc_row\"><div class=\"kc-row-container\"><div class=\"kc-wrap-columns\"><div class=\"kc-elm kc-css-991005 kc_col-sm-12 kc_column kc_col-sm-12\"><div class=\"kc-col-container\"><section class=\" page-title\">\n    \t<div class=\"icon-one\"><\/div>\n        <div class=\"icon-two\"><\/div>\n\n    \t<div class=\"auto-container\">\n        \t<div class=\"icon-three\"><\/div>\n            <div class=\"icon-six\"><\/div>\n\t\t\t<div class=\"icon-four\"><\/div>\n            <div class=\"icon-five\"><\/div>\n            <div class=\"icon-nine\"><\/div>\n        \t<h2><span class=\"blue-triangle-two\"><\/span> Servic<span class=\"white-color\">es<\/span><span class=\"lined-pink\"><\/span><\/h2>\n        <\/div>\n    <\/section>\n<\/div><\/div><\/div><\/div><\/section><section data-kc-fullwidth=\"content\" class=\"kc-elm kc-css-590939 kc_row\"><div class=\"kc-row-container\"><div class=\"kc-wrap-columns\"><div class=\"kc-elm kc-css-360535 kc_col-sm-12 kc_column kc_col-sm-12\"><div class=\"kc-col-container\">\r\n<section class=\" services-section-two\">\r\n\t<div class=\"icon-one\"><\/div>\r\n\t<div class=\"icon-two\"><\/div>\r\n\t<div class=\"auto-container\">\r\n\t\t<h2>Design is all we know<\/h2>\r\n\t\t<div class=\"row clearfix\">\r\n\t\t\t\r\n\t\t\t\t\t\t\r\n\t\t\t<!--Services Block Two-->\r\n\t\t\t<div class=\"services-block-two col-md-4 col-sm-6 col-xs-12\">\r\n\t\t\t\t<div class=\"inner-box\">\r\n\t\t\t\t\t<h3><a href=\"\">Layout Design<\/a><\/h3>\r\n\t\t\t\t\t<div class=\"text\">This is Photoshop\u2019s version of Lorem Ipsum. Proin gravida nibh vel velit auctor aliquet. lorem quis bibendum auctor,<\/div>\r\n\t\t\t\t\t<a class=\"read-more\" href=\"\">Read More  <span class=\"icon flaticon-arrow-pointing-to-right\"><\/span><\/a>\r\n\t\t\t\t<\/div>\r\n\t\t\t<\/div>\r\n\t\t\t\r\n\t\t\t\t\t\t\r\n\t\t\t<!--Services Block Two-->\r\n\t\t\t<div class=\"services-block-two col-md-4 col-sm-6 col-xs-12\">\r\n\t\t\t\t<div class=\"inner-box\">\r\n\t\t\t\t\t<h3><a href=\"\">Affiliate Marketing<\/a><\/h3>\r\n\t\t\t\t\t<div class=\"text\">This is Photoshop\u2019s version of Lorem Ipsum. Proin gravida nibh vel velit auctor aliquet. lorem quis bibendum auctor,<\/div>\r\n\t\t\t\t\t<a class=\"read-more\" href=\"\">Read More  <span class=\"icon flaticon-arrow-pointing-to-right\"><\/span><\/a>\r\n\t\t\t\t<\/div>\r\n\t\t\t<\/div>\r\n\t\t\t\r\n\t\t\t\t\t\t\r\n\t\t\t<!--Services Block Two-->\r\n\t\t\t<div class=\"services-block-two col-md-4 col-sm-6 col-xs-12\">\r\n\t\t\t\t<div class=\"inner-box\">\r\n\t\t\t\t\t<h3><a href=\"\">Design Quality<\/a><\/h3>\r\n\t\t\t\t\t<div class=\"text\">This is Photoshop\u2019s version of Lorem Ipsum. Proin gravida nibh vel velit auctor aliquet. lorem quis bibendum auctor,<\/div>\r\n\t\t\t\t\t<a class=\"read-more\" href=\"\">Read More  <span class=\"icon flaticon-arrow-pointing-to-right\"><\/span><\/a>\r\n\t\t\t\t<\/div>\r\n\t\t\t<\/div>\r\n\t\t\t\r\n\t\t\t\t\t\t\r\n\t\t\t<!--Services Block Two-->\r\n\t\t\t<div class=\"services-block-two col-md-4 col-sm-6 col-xs-12\">\r\n\t\t\t\t<div class=\"inner-box\">\r\n\t\t\t\t\t<h3><a href=\"\">Cloud Computing<\/a><\/h3>\r\n\t\t\t\t\t<div class=\"text\">This is Photoshop\u2019s version of Lorem Ipsum. Proin gravida nibh vel velit auctor aliquet. lorem quis bibendum auctor,<\/div>\r\n\t\t\t\t\t<a class=\"read-more\" href=\"\">Read More  <span class=\"icon flaticon-arrow-pointing-to-right\"><\/span><\/a>\r\n\t\t\t\t<\/div>\r\n\t\t\t<\/div>\r\n\t\t\t\r\n\t\t\t\t\t\t\r\n\t\t\t<!--Services Block Two-->\r\n\t\t\t<div class=\"services-block-two col-md-4 col-sm-6 col-xs-12\">\r\n\t\t\t\t<div class=\"inner-box\">\r\n\t\t\t\t\t<h3><a href=\"\">Content Management<\/a><\/h3>\r\n\t\t\t\t\t<div class=\"text\">This is Photoshop\u2019s version of Lorem Ipsum. Proin gravida nibh vel velit auctor aliquet. lorem quis bibendum auctor,<\/div>\r\n\t\t\t\t\t<a class=\"read-more\" href=\"\">Read More  <span class=\"icon flaticon-arrow-pointing-to-right\"><\/span><\/a>\r\n\t\t\t\t<\/div>\r\n\t\t\t<\/div>\r\n\t\t\t\r\n\t\t\t\t\t\t\r\n\t\t\t<!--Services Block Two-->\r\n\t\t\t<div class=\"services-block-two col-md-4 col-sm-6 col-xs-12\">\r\n\t\t\t\t<div class=\"inner-box\">\r\n\t\t\t\t\t<h3><a href=\"#\">Powerful Options<\/a><\/h3>\r\n\t\t\t\t\t<div class=\"text\">This is Photoshop\u2019s version of Lorem Ipsum. Proin gravida nibh vel velit auctor aliquet. lorem quis bibendum auctor,<\/div>\r\n\t\t\t\t\t<a class=\"read-more\" href=\"#\">Read More  <span class=\"icon flaticon-arrow-pointing-to-right\"><\/span><\/a>\r\n\t\t\t\t<\/div>\r\n\t\t\t<\/div>\r\n\t\t\t\r\n\t\t\t\t\t<\/div>\r\n\t<\/div>\r\n<\/section>\r\n\r\n<\/div><\/div><\/div><\/div><\/section><section data-kc-fullwidth=\"content\" class=\"kc-elm kc-css-79185 kc_row\"><div class=\"kc-row-container\"><div class=\"kc-wrap-columns\"><div class=\"kc-elm kc-css-119230 kc_col-sm-12 kc_column kc_col-sm-12\"><div class=\"kc-col-container\">\r\n<section class=\" testimonial-section style-two\">\r\n\t<div class=\"auto-container\">\r\n\t\t<div class=\"single-item-carousel owl-carousel owl-theme\">\r\n\t\t\t\r\n\t\t\t\t\t\t\r\n\t\t\t<!--Testimonial Block-->\r\n\t\t\t<div class=\"testimonial-block style-two\">\r\n\t\t\t\t<div class=\"inner-box\">\r\n\t\t\t\t\t<div class=\"quote-icon\">\r\n\t\t\t\t\t\t<span class=\"icon flaticon-left-quote-1\"><\/span>\r\n\t\t\t\t\t<\/div>\r\n\t\t\t\t\t<div class=\"text\">Efficiently unleash cross-media information without cross-media value. Quickly maximize timely deliverables for real-time schemas. Dramatically maintain clicks-and-mortar solutions without functional solutions.<\/div>\r\n\t\t\t\t\t<div class=\"designation\">Nattasha <span>- Ui designer<\/span><\/div>\r\n\t\t\t\t<\/div>\r\n\t\t\t<\/div>\r\n\t\t\t\r\n\t\t\t\t\t\t\r\n\t\t\t<!--Testimonial Block-->\r\n\t\t\t<div class=\"testimonial-block style-two\">\r\n\t\t\t\t<div class=\"inner-box\">\r\n\t\t\t\t\t<div class=\"quote-icon\">\r\n\t\t\t\t\t\t<span class=\"icon flaticon-left-quote-1\"><\/span>\r\n\t\t\t\t\t<\/div>\r\n\t\t\t\t\t<div class=\"text\">Efficiently unleash cross-media information without cross-media value. Quickly maximize timely deliverables for real-time schemas. Dramatically maintain clicks-and-mortar solutions without functional solutions.<\/div>\r\n\t\t\t\t\t<div class=\"designation\">Nattasha <span>- Ui designer<\/span><\/div>\r\n\t\t\t\t<\/div>\r\n\t\t\t<\/div>\r\n\t\t\t\r\n\t\t\t\t\t\t\r\n\t\t\t<!--Testimonial Block-->\r\n\t\t\t<div class=\"testimonial-block style-two\">\r\n\t\t\t\t<div class=\"inner-box\">\r\n\t\t\t\t\t<div class=\"quote-icon\">\r\n\t\t\t\t\t\t<span class=\"icon flaticon-left-quote-1\"><\/span>\r\n\t\t\t\t\t<\/div>\r\n\t\t\t\t\t<div class=\"text\">Efficiently unleash cross-media information without cross-media value. Quickly maximize timely deliverables for real-time schemas. Dramatically maintain clicks-and-mortar solutions without functional solutions.<\/div>\r\n\t\t\t\t\t<div class=\"designation\">Nattasha <span>- Ui designer<\/span><\/div>\r\n\t\t\t\t<\/div>\r\n\t\t\t<\/div>\r\n\t\t\t\r\n\t\t\t\t\t<\/div>\r\n\t<\/div>\r\n<\/section>\r\n<\/div><\/div><\/div><\/div><\/section><\/p>\n","protected":false},"excerpt":{"rendered":"","protected":false},"author":1,"featured_media":0,"parent":0,"menu_order":0,"comment_status":"closed","ping_status":"closed","template":"tpl-king-composer.php","meta":{"footnotes":""},"yoast_head":"<!-- This site is optimized with the Yoast SEO plugin v23.5 - https:\/\/yoast.com\/wordpress\/plugins\/seo\/ -->\n<title>Services - Maxence Bacher<\/title>\n<meta name=\"robots\" content=\"index, follow, max-snippet:-1, max-image-preview:large, max-video-preview:-1\" \/>\n<link rel=\"canonical\" href=\"https:\/\/maxencebacher.com\/index.php\/services\/\" \/>\n<meta property=\"og:locale\" content=\"fr_FR\" \/>\n<meta property=\"og:type\" content=\"article\" \/>\n<meta property=\"og:title\" content=\"Services - Maxence Bacher\" \/>\n<meta property=\"og:url\" content=\"https:\/\/maxencebacher.com\/index.php\/services\/\" \/>\n<meta property=\"og:site_name\" content=\"Maxence Bacher\" \/>\n<meta name=\"twitter:card\" content=\"summary_large_image\" \/>\n<meta name=\"twitter:label1\" content=\"Dur\u00e9e de lecture estim\u00e9e\" \/>\n\t<meta name=\"twitter:data1\" content=\"1 minute\" \/>\n<script type=\"application\/ld+json\" class=\"yoast-schema-graph\">{\"@context\":\"https:\/\/schema.org\",\"@graph\":[{\"@type\":\"WebPage\",\"@id\":\"https:\/\/maxencebacher.com\/index.php\/services\/\",\"url\":\"https:\/\/maxencebacher.com\/index.php\/services\/\",\"name\":\"Services - Maxence Bacher\",\"isPartOf\":{\"@id\":\"https:\/\/maxencebacher.com\/#website\"},\"datePublished\":\"2018-07-11T08:10:42+00:00\",\"dateModified\":\"2018-07-11T08:10:42+00:00\",\"breadcrumb\":{\"@id\":\"https:\/\/maxencebacher.com\/index.php\/services\/#breadcrumb\"},\"inLanguage\":\"fr-FR\",\"potentialAction\":[{\"@type\":\"ReadAction\",\"target\":[\"https:\/\/maxencebacher.com\/index.php\/services\/\"]}]},{\"@type\":\"BreadcrumbList\",\"@id\":\"https:\/\/maxencebacher.com\/index.php\/services\/#breadcrumb\",\"itemListElement\":[{\"@type\":\"ListItem\",\"position\":1,\"name\":\"Accueil\",\"item\":\"https:\/\/maxencebacher.com\/\"},{\"@type\":\"ListItem\",\"position\":2,\"name\":\"Services\"}]},{\"@type\":\"WebSite\",\"@id\":\"https:\/\/maxencebacher.com\/#website\",\"url\":\"https:\/\/maxencebacher.com\/\",\"name\":\"Maxence Bacher\",\"description\":\"Explorez mon parcours professionnel et acad\u00e9mique.\",\"publisher\":{\"@id\":\"https:\/\/maxencebacher.com\/#\/schema\/person\/60d29cf8312fe8233224dc700569a3fb\"},\"potentialAction\":[{\"@type\":\"SearchAction\",\"target\":{\"@type\":\"EntryPoint\",\"urlTemplate\":\"https:\/\/maxencebacher.com\/?s={search_term_string}\"},\"query-input\":{\"@type\":\"PropertyValueSpecification\",\"valueRequired\":true,\"valueName\":\"search_term_string\"}}],\"inLanguage\":\"fr-FR\"},{\"@type\":[\"Person\",\"Organization\"],\"@id\":\"https:\/\/maxencebacher.com\/#\/schema\/person\/60d29cf8312fe8233224dc700569a3fb\",\"name\":\"Maxence Bacher\",\"image\":{\"@type\":\"ImageObject\",\"inLanguage\":\"fr-FR\",\"@id\":\"https:\/\/maxencebacher.com\/#\/schema\/person\/image\/\",\"url\":\"https:\/\/maxencebacher.com\/wp-content\/uploads\/2023\/11\/logo-mb-2023-08-1.png\",\"contentUrl\":\"https:\/\/maxencebacher.com\/wp-content\/uploads\/2023\/11\/logo-mb-2023-08-1.png\",\"width\":4161,\"height\":4263,\"caption\":\"Maxence Bacher\"},\"logo\":{\"@id\":\"https:\/\/maxencebacher.com\/#\/schema\/person\/image\/\"},\"description\":\"Titulaire d\u2019un Master Information communication et num\u00e9rique, ainsi que d'une formation de Chef de Projet Digital, je suis arm\u00e9 d\u2019une maitrise parfaite des enjeux et des outils de communication. En tant que responsable communication, j'ai d\u00e9velopp\u00e9 une expertise dans la cr\u00e9ation et la mise en \u0153uvre de strat\u00e9gies de communication efficaces pour des entreprises de toutes tailles et dans de nombreux secteurs. Toujours pr\u00eat \u00e0 m'enrichir personnellement et professionnellement, ma conviction profonde est que l\u2019aspiration \u00e0 apprendre et \u00e0 acqu\u00e9rir de nouvelles comp\u00e9tences en permanence est fondamentale dans un monde en perp\u00e9tuelle \u00e9volution. En somme, je consid\u00e8re la curiosit\u00e9 comme une force motrice qui nourrit ma croissance personnelle et me permet d'apporter une perspective innovante \u00e0 toutes les facettes de ma vie.\",\"sameAs\":[\"http:\/\/maxencebacher.com\",\"https:\/\/www.linkedin.com\/in\/maxencebacher\"]}]}<\/script>\n<!-- \/ Yoast SEO plugin. -->","yoast_head_json":{"title":"Services - Maxence Bacher","robots":{"index":"index","follow":"follow","max-snippet":"max-snippet:-1","max-image-preview":"max-image-preview:large","max-video-preview":"max-video-preview:-1"},"canonical":"https:\/\/maxencebacher.com\/index.php\/services\/","og_locale":"fr_FR","og_type":"article","og_title":"Services - Maxence Bacher","og_url":"https:\/\/maxencebacher.com\/index.php\/services\/","og_site_name":"Maxence Bacher","twitter_card":"summary_large_image","twitter_misc":{"Dur\u00e9e de lecture estim\u00e9e":"1 minute"},"schema":{"@context":"https:\/\/schema.org","@graph":[{"@type":"WebPage","@id":"https:\/\/maxencebacher.com\/index.php\/services\/","url":"https:\/\/maxencebacher.com\/index.php\/services\/","name":"Services - Maxence Bacher","isPartOf":{"@id":"https:\/\/maxencebacher.com\/#website"},"datePublished":"2018-07-11T08:10:42+00:00","dateModified":"2018-07-11T08:10:42+00:00","breadcrumb":{"@id":"https:\/\/maxencebacher.com\/index.php\/services\/#breadcrumb"},"inLanguage":"fr-FR","potentialAction":[{"@type":"ReadAction","target":["https:\/\/maxencebacher.com\/index.php\/services\/"]}]},{"@type":"BreadcrumbList","@id":"https:\/\/maxencebacher.com\/index.php\/services\/#breadcrumb","itemListElement":[{"@type":"ListItem","position":1,"name":"Accueil","item":"https:\/\/maxencebacher.com\/"},{"@type":"ListItem","position":2,"name":"Services"}]},{"@type":"WebSite","@id":"https:\/\/maxencebacher.com\/#website","url":"https:\/\/maxencebacher.com\/","name":"Maxence Bacher","description":"Explorez mon parcours professionnel et acad\u00e9mique.","publisher":{"@id":"https:\/\/maxencebacher.com\/#\/schema\/person\/60d29cf8312fe8233224dc700569a3fb"},"potentialAction":[{"@type":"SearchAction","target":{"@type":"EntryPoint","urlTemplate":"https:\/\/maxencebacher.com\/?s={search_term_string}"},"query-input":{"@type":"PropertyValueSpecification","valueRequired":true,"valueName":"search_term_string"}}],"inLanguage":"fr-FR"},{"@type":["Person","Organization"],"@id":"https:\/\/maxencebacher.com\/#\/schema\/person\/60d29cf8312fe8233224dc700569a3fb","name":"Maxence Bacher","image":{"@type":"ImageObject","inLanguage":"fr-FR","@id":"https:\/\/maxencebacher.com\/#\/schema\/person\/image\/","url":"https:\/\/maxencebacher.com\/wp-content\/uploads\/2023\/11\/logo-mb-2023-08-1.png","contentUrl":"https:\/\/maxencebacher.com\/wp-content\/uploads\/2023\/11\/logo-mb-2023-08-1.png","width":4161,"height":4263,"caption":"Maxence Bacher"},"logo":{"@id":"https:\/\/maxencebacher.com\/#\/schema\/person\/image\/"},"description":"Titulaire d\u2019un Master Information communication et num\u00e9rique, ainsi que d'une formation de Chef de Projet Digital, je suis arm\u00e9 d\u2019une maitrise parfaite des enjeux et des outils de communication. En tant que responsable communication, j'ai d\u00e9velopp\u00e9 une expertise dans la cr\u00e9ation et la mise en \u0153uvre de strat\u00e9gies de communication efficaces pour des entreprises de toutes tailles et dans de nombreux secteurs. Toujours pr\u00eat \u00e0 m'enrichir personnellement et professionnellement, ma conviction profonde est que l\u2019aspiration \u00e0 apprendre et \u00e0 acqu\u00e9rir de nouvelles comp\u00e9tences en permanence est fondamentale dans un monde en perp\u00e9tuelle \u00e9volution. En somme, je consid\u00e8re la curiosit\u00e9 comme une force motrice qui nourrit ma croissance personnelle et me permet d'apporter une perspective innovante \u00e0 toutes les facettes de ma vie.","sameAs":["http:\/\/maxencebacher.com","https:\/\/www.linkedin.com\/in\/maxencebacher"]}]}},"_links":{"self":[{"href":"https:\/\/maxencebacher.com\/index.php\/wp-json\/wp\/v2\/pages\/13"}],"collection":[{"href":"https:\/\/maxencebacher.com\/index.php\/wp-json\/wp\/v2\/pages"}],"about":[{"href":"https:\/\/maxencebacher.com\/index.php\/wp-json\/wp\/v2\/types\/page"}],"author":[{"embeddable":true,"href":"https:\/\/maxencebacher.com\/index.php\/wp-json\/wp\/v2\/users\/1"}],"replies":[{"embeddable":true,"href":"https:\/\/maxencebacher.com\/index.php\/wp-json\/wp\/v2\/comments?post=13"}],"version-history":[{"count":0,"href":"https:\/\/maxencebacher.com\/index.php\/wp-json\/wp\/v2\/pages\/13\/revisions"}],"wp:attachment":[{"href":"https:\/\/maxencebacher.com\/index.php\/wp-json\/wp\/v2\/media?parent=13"}],"curies":[{"name":"wp","href":"https:\/\/api.w.org\/{rel}","templated":true}]}}